{"id":23,"date":"2024-08-04T14:51:18","date_gmt":"2024-08-04T14:51:18","guid":{"rendered":"https:\/\/heemerfgoed.nl\/?page_id=23"},"modified":"2024-08-05T12:07:39","modified_gmt":"2024-08-05T12:07:39","slug":"erfgoed","status":"publish","type":"page","link":"https:\/\/heemerfgoed.nl\/index.php\/voorbeeld-pagina\/erfgoed\/","title":{"rendered":"Wat is erfgoed"},"content":{"rendered":"\n<p>Erfgoed is alles wat van vorige generaties is ge\u00ebrfd en wat van waarde wordt geacht om te behouden voor toekomstige generaties. Dit omvat zowel materi\u00eble zaken, zoals historische gebouwen, kunstwerken en archeologische vondsten, als immateri\u00eble zaken, zoals tradities, rituelen, talen en ambachten. Erfgoed is belangrijk voor het behoud van culturele identiteit en geschiedenis en speelt een rol in educatie, toerisme en gemeenschapsvorming.<\/p>\n\n\n\n<p><\/p>\n","protected":false},"excerpt":{"rendered":"<p>Erfgoed is alles wat van vorige generaties is ge\u00ebrfd en wat van waarde wordt geacht om te behouden voor toekomstige generaties. Dit omvat zowel materi\u00eble zaken, zoals historische gebouwen, kunstwerken en archeologische vondsten, als immateri\u00eble zaken, zoals tradities, rituelen, talen en ambachten. Erfgoed is belangrijk voor het behoud van culturele identiteit en geschiedenis en speelt een rol in educatie, toerisme en gemeenschapsvorming.<\/p>\n","protected":false},"author":1,"featured_media":248,"parent":2,"menu_order":1,"comment_status":"closed","ping_status":"closed","template":"","meta":{"jetpack_post_was_ever_published":false,"footnotes":""},"class_list":["post-23","page","type-page","status-publish","has-post-thumbnail","hentry"],"jetpack-related-posts":[{"id":25,"url":"https:\/\/heemerfgoed.nl\/index.php\/voorbeeld-pagina\/verschil-tussen-heemkunde-en-erfgoed\/","url_meta":{"origin":23,"position":0},"title":"Verschil tussen heemkunde en erfgoed","author":"Mario33","date":"4 augustus 2024","format":false,"excerpt":"Heemkunde en erfgoed zijn nauw verwante begrippen, maar ze hebben verschillende accenten en doelen: Heemkunde Definitie: De studie van de lokale geschiedenis en cultuur van een specifiek gebied. Focus: Gericht op het verzamelen, documenteren en bestuderen van allerlei aspecten van een lokaal gebied, zoals taal, gebruiken, tradities, volksverhalen, historische gebeurtenissen,\u2026","rel":"","context":"Soortgelijk bericht","block_context":{"text":"Soortgelijk bericht","link":""},"img":{"alt_text":"Panorama header paarden in mist","src":"https:\/\/i0.wp.com\/heemerfgoed.nl\/wp-content\/uploads\/2024\/08\/2012-11-19-Eiland-in-de-Maas-paarden-bij-zonsondergang-panorama-scaled.jpg?fit=1200%2C675&ssl=1&resize=350%2C200","width":350,"height":200,"srcset":"https:\/\/i0.wp.com\/heemerfgoed.nl\/wp-content\/uploads\/2024\/08\/2012-11-19-Eiland-in-de-Maas-paarden-bij-zonsondergang-panorama-scaled.jpg?fit=1200%2C675&ssl=1&resize=350%2C200 1x, https:\/\/i0.wp.com\/heemerfgoed.nl\/wp-content\/uploads\/2024\/08\/2012-11-19-Eiland-in-de-Maas-paarden-bij-zonsondergang-panorama-scaled.jpg?fit=1200%2C675&ssl=1&resize=525%2C300 1.5x, https:\/\/i0.wp.com\/heemerfgoed.nl\/wp-content\/uploads\/2024\/08\/2012-11-19-Eiland-in-de-Maas-paarden-bij-zonsondergang-panorama-scaled.jpg?fit=1200%2C675&ssl=1&resize=700%2C400 2x, https:\/\/i0.wp.com\/heemerfgoed.nl\/wp-content\/uploads\/2024\/08\/2012-11-19-Eiland-in-de-Maas-paarden-bij-zonsondergang-panorama-scaled.jpg?fit=1200%2C675&ssl=1&resize=1050%2C600 3x"},"classes":[]},{"id":2,"url":"https:\/\/heemerfgoed.nl\/","url_meta":{"origin":23,"position":1},"title":"Heemerfgoed","author":"Mario33","date":"4 augustus 2024","format":false,"excerpt":"Deze website is nog in ontwikkeling en wordt eind 2026 officieel gelanceerd. Reis door de tijd Welkom op onze pagina \"Reis door de Tijd\", waar we de fascinerende wereld van heemkunde en erfgoed tot leven brengen. Hier duiken we diep in de geschiedenis van onze streek, verkennen we de verhalen\u2026","rel":"","context":"Soortgelijk bericht","block_context":{"text":"Soortgelijk bericht","link":""},"img":{"alt_text":"","src":"https:\/\/i0.wp.com\/heemerfgoed.nl\/wp-content\/uploads\/2024\/08\/2015-05-05-kasteel-Helmond-DSC08843-panorama-HD--scaled.jpg?fit=1200%2C467&ssl=1&resize=350%2C200","width":350,"height":200,"srcset":"https:\/\/i0.wp.com\/heemerfgoed.nl\/wp-content\/uploads\/2024\/08\/2015-05-05-kasteel-Helmond-DSC08843-panorama-HD--scaled.jpg?fit=1200%2C467&ssl=1&resize=350%2C200 1x, https:\/\/i0.wp.com\/heemerfgoed.nl\/wp-content\/uploads\/2024\/08\/2015-05-05-kasteel-Helmond-DSC08843-panorama-HD--scaled.jpg?fit=1200%2C467&ssl=1&resize=525%2C300 1.5x, https:\/\/i0.wp.com\/heemerfgoed.nl\/wp-content\/uploads\/2024\/08\/2015-05-05-kasteel-Helmond-DSC08843-panorama-HD--scaled.jpg?fit=1200%2C467&ssl=1&resize=700%2C400 2x, https:\/\/i0.wp.com\/heemerfgoed.nl\/wp-content\/uploads\/2024\/08\/2015-05-05-kasteel-Helmond-DSC08843-panorama-HD--scaled.jpg?fit=1200%2C467&ssl=1&resize=1050%2C600 3x"},"classes":[]},{"id":20,"url":"https:\/\/heemerfgoed.nl\/index.php\/voorbeeld-pagina\/wat-is-heemkunde\/","url_meta":{"origin":23,"position":2},"title":"Wat is Heemkunde","author":"Mario33","date":"4 augustus 2024","format":false,"excerpt":"Heemkunde is de studie van de lokale geschiedenis en cultuur van een bepaald gebied, vaak een dorp, stad of regio. Het omvat onderzoek naar verschillende aspecten zoals de taal, gebruiken, tradities, volksverhalen, historische gebeurtenissen, monumenten en genealogie van de bewoners. Heemkunde is gericht op het behouden en documenteren van het\u2026","rel":"","context":"Soortgelijk bericht","block_context":{"text":"Soortgelijk bericht","link":""},"img":{"alt_text":"","src":"https:\/\/i0.wp.com\/heemerfgoed.nl\/wp-content\/uploads\/2024\/08\/A650DB25-AB90-4895-AF17-A2F1D609ECC4-1196-0000003CB4EB1D37-scaled.jpg?fit=1200%2C750&ssl=1&resize=350%2C200","width":350,"height":200,"srcset":"https:\/\/i0.wp.com\/heemerfgoed.nl\/wp-content\/uploads\/2024\/08\/A650DB25-AB90-4895-AF17-A2F1D609ECC4-1196-0000003CB4EB1D37-scaled.jpg?fit=1200%2C750&ssl=1&resize=350%2C200 1x, https:\/\/i0.wp.com\/heemerfgoed.nl\/wp-content\/uploads\/2024\/08\/A650DB25-AB90-4895-AF17-A2F1D609ECC4-1196-0000003CB4EB1D37-scaled.jpg?fit=1200%2C750&ssl=1&resize=525%2C300 1.5x, https:\/\/i0.wp.com\/heemerfgoed.nl\/wp-content\/uploads\/2024\/08\/A650DB25-AB90-4895-AF17-A2F1D609ECC4-1196-0000003CB4EB1D37-scaled.jpg?fit=1200%2C750&ssl=1&resize=700%2C400 2x, https:\/\/i0.wp.com\/heemerfgoed.nl\/wp-content\/uploads\/2024\/08\/A650DB25-AB90-4895-AF17-A2F1D609ECC4-1196-0000003CB4EB1D37-scaled.jpg?fit=1200%2C750&ssl=1&resize=1050%2C600 3x"},"classes":[]},{"id":33,"url":"https:\/\/heemerfgoed.nl\/index.php\/erfgoed\/","url_meta":{"origin":23,"position":3},"title":"Erfgoed","author":"Mario33","date":"4 augustus 2024","format":false,"excerpt":"","rel":"","context":"Soortgelijk bericht","block_context":{"text":"Soortgelijk bericht","link":""},"img":{"alt_text":"","src":"https:\/\/i0.wp.com\/heemerfgoed.nl\/wp-content\/uploads\/2024\/08\/cropped-2011-06-20-Deurne-klein-kasteel_panorama5-HQ-1-scaled-1.jpg?fit=1200%2C299&ssl=1&resize=350%2C200","width":350,"height":200,"srcset":"https:\/\/i0.wp.com\/heemerfgoed.nl\/wp-content\/uploads\/2024\/08\/cropped-2011-06-20-Deurne-klein-kasteel_panorama5-HQ-1-scaled-1.jpg?fit=1200%2C299&ssl=1&resize=350%2C200 1x, https:\/\/i0.wp.com\/heemerfgoed.nl\/wp-content\/uploads\/2024\/08\/cropped-2011-06-20-Deurne-klein-kasteel_panorama5-HQ-1-scaled-1.jpg?fit=1200%2C299&ssl=1&resize=525%2C300 1.5x, https:\/\/i0.wp.com\/heemerfgoed.nl\/wp-content\/uploads\/2024\/08\/cropped-2011-06-20-Deurne-klein-kasteel_panorama5-HQ-1-scaled-1.jpg?fit=1200%2C299&ssl=1&resize=700%2C400 2x, https:\/\/i0.wp.com\/heemerfgoed.nl\/wp-content\/uploads\/2024\/08\/cropped-2011-06-20-Deurne-klein-kasteel_panorama5-HQ-1-scaled-1.jpg?fit=1200%2C299&ssl=1&resize=1050%2C600 3x"},"classes":[]}],"jetpack_sharing_enabled":true,"_links":{"self":[{"href":"https:\/\/heemerfgoed.nl\/index.php\/wp-json\/wp\/v2\/pages\/23","targetHints":{"allow":["GET"]}}],"collection":[{"href":"https:\/\/heemerfgoed.nl\/index.php\/wp-json\/wp\/v2\/pages"}],"about":[{"href":"https:\/\/heemerfgoed.nl\/index.php\/wp-json\/wp\/v2\/types\/page"}],"author":[{"embeddable":true,"href":"https:\/\/heemerfgoed.nl\/index.php\/wp-json\/wp\/v2\/users\/1"}],"replies":[{"embeddable":true,"href":"https:\/\/heemerfgoed.nl\/index.php\/wp-json\/wp\/v2\/comments?post=23"}],"version-history":[{"count":4,"href":"https:\/\/heemerfgoed.nl\/index.php\/wp-json\/wp\/v2\/pages\/23\/revisions"}],"predecessor-version":[{"id":249,"href":"https:\/\/heemerfgoed.nl\/index.php\/wp-json\/wp\/v2\/pages\/23\/revisions\/249"}],"up":[{"embeddable":true,"href":"https:\/\/heemerfgoed.nl\/index.php\/wp-json\/wp\/v2\/pages\/2"}],"wp:featuredmedia":[{"embeddable":true,"href":"https:\/\/heemerfgoed.nl\/index.php\/wp-json\/wp\/v2\/media\/248"}],"wp:attachment":[{"href":"https:\/\/heemerfgoed.nl\/index.php\/wp-json\/wp\/v2\/media?parent=23"}],"curies":[{"name":"wp","href":"https:\/\/api.w.org\/{rel}","templated":true}]}}